{"id":62,"date":"2025-10-14T06:25:25","date_gmt":"2025-10-14T06:25:25","guid":{"rendered":"https:\/\/demo.bosathemes.com\/bosa\/media-marketing\/?page_id=500"},"modified":"2026-03-28T16:15:59","modified_gmt":"2026-03-28T20:15:59","slug":"about-us","status":"publish","type":"page","link":"https:\/\/xinoriaproject.com\/en\/about-us\/","title":{"rendered":"About Us"},"content":{"rendered":"<div data-elementor-type=\"wp-page\" data-elementor-id=\"62\" class=\"elementor elementor-62\">\n\t\t\t\t<div class=\"elementor-element elementor-element-7099573 e-flex e-con-boxed magic-button-disabled-no e-con e-parent\" data-id=\"7099573\" data-element_type=\"container\" data-e-type=\"container\" data-settings=\"{&quot;background_background&quot;:&quot;classic&quot;}\">\n\t\t\t\t\t<div class=\"e-con-inner\">\n\t\t<div class=\"elementor-element elementor-element-a798916 e-con-full e-flex magic-button-disabled-no e-con e-child\" data-id=\"a798916\" data-element_type=\"container\" data-e-type=\"container\">\n\t\t\t\t<div class=\"elementor-element elementor-element-e8a8918 elementor-widget elementor-widget-heading\" data-id=\"e8a8918\" data-element_type=\"widget\" data-e-type=\"widget\" data-widget_type=\"heading.default\">\n\t\t\t\t\t<h2 class=\"elementor-heading-title elementor-size-default\">About Us<\/h2>\t\t\t\t<\/div>\n\t\t\t\t<\/div>\n\t\t\t\t\t<\/div>\n\t\t\t\t<\/div>\n\t\t<div class=\"elementor-element elementor-element-f50a551 e-flex e-con-boxed magic-button-disabled-no e-con e-parent\" data-id=\"f50a551\" data-element_type=\"container\" data-e-type=\"container\">\n\t\t\t\t\t<div class=\"e-con-inner\">\n\t\t<div class=\"elementor-element elementor-element-a81cb28 e-con-full e-flex magic-button-disabled-no e-con e-child\" data-id=\"a81cb28\" data-element_type=\"container\" data-e-type=\"container\">\n\t\t<div class=\"elementor-element elementor-element-89ed805 e-con-full e-flex magic-button-disabled-no e-con e-child\" data-id=\"89ed805\" data-element_type=\"container\" data-e-type=\"container\">\n\t\t\t\t<div class=\"elementor-element elementor-element-3ef05b8 elementor-widget elementor-widget-elementskit-heading\" data-id=\"3ef05b8\" data-element_type=\"widget\" data-e-type=\"widget\" data-widget_type=\"elementskit-heading.default\">\n\t\t\t\t\t<div class=\"ekit-wid-con\" ><div class=\"ekit-heading elementskit-section-title-wraper text_left   ekit_heading_tablet-text_center   ekit_heading_mobile-text_center\"><h3 class=\"elementskit-section-subtitle\">\n\t\t\t\t\t\tNOSOTROS\n\t\t\t\t\t<\/h3><h2 class=\"ekit-heading--title elementskit-section-title\">We help businesses build digital presences that are clear, trustworthy, and built for growth.<\/h2>\t\t\t\t<div class='ekit-heading__description'>\n\t\t\t\t\t<p>Xinoria Project ayuda a marcas y negocios a verse m\u00e1s s\u00f3lidos, comunicar mejor su valor y apoyarse en activos digitales que realmente acompa\u00f1en su crecimiento. Combinamos estrategia, branding, desarrollo web y claridad comercial para que cada proyecto tenga una funci\u00f3n real dentro del negocio.<\/p>\n\t\t\t\t<\/div>\n\t\t\t<\/div><\/div>\t\t\t\t<\/div>\n\t\t<div class=\"elementor-element elementor-element-08b73ac e-con-full e-flex magic-button-disabled-no e-con e-child\" data-id=\"08b73ac\" data-element_type=\"container\" data-e-type=\"container\">\n\t\t<div class=\"elementor-element elementor-element-88a9ab9 e-con-full e-flex magic-button-disabled-no e-con e-child\" data-id=\"88a9ab9\" data-element_type=\"container\" data-e-type=\"container\">\n\t\t<div class=\"elementor-element elementor-element-f9d49ef e-con-full e-flex magic-button-disabled-no e-con e-child\" data-id=\"f9d49ef\" data-element_type=\"container\" data-e-type=\"container\">\n\t\t<div class=\"elementor-element elementor-element-51d35c4 e-con-full e-flex magic-button-disabled-no e-con e-child\" data-id=\"51d35c4\" data-element_type=\"container\" data-e-type=\"container\" data-settings=\"{&quot;background_background&quot;:&quot;gradient&quot;}\">\n\t\t\t\t<div class=\"elementor-element elementor-element-84ebca5 elementor-view-default elementor-widget elementor-widget-icon\" data-id=\"84ebca5\" data-element_type=\"widget\" data-e-type=\"widget\" data-widget_type=\"icon.default\">\n\t\t\t\t\t\t\t<div class=\"elementor-icon-wrapper\">\n\t\t\t<div class=\"elementor-icon\">\n\t\t\t<i aria-hidden=\"true\" class=\"icon icon-trophy\"><\/i>\t\t\t<\/div>\n\t\t<\/div>\n\t\t\t\t\t\t<\/div>\n\t\t\t\t<div class=\"elementor-element elementor-element-354fa1c elementor-widget elementor-widget-heading\" data-id=\"354fa1c\" data-element_type=\"widget\" data-e-type=\"widget\" data-widget_type=\"heading.default\">\n\t\t\t\t\t<h2 class=\"elementor-heading-title elementor-size-default\">Metodolog\u00eda orientada a dato<\/h2>\t\t\t\t<\/div>\n\t\t\t\t<\/div>\n\t\t<div class=\"elementor-element elementor-element-0ddd577 e-con-full e-transform e-transform e-flex magic-button-disabled-no e-con e-child\" data-id=\"0ddd577\" data-element_type=\"container\" data-e-type=\"container\" data-settings=\"{&quot;_transform_rotateZ_effect&quot;:{&quot;unit&quot;:&quot;px&quot;,&quot;size&quot;:270,&quot;sizes&quot;:[]},&quot;_transform_translateX_effect&quot;:{&quot;unit&quot;:&quot;px&quot;,&quot;size&quot;:-120,&quot;sizes&quot;:[]},&quot;_transform_translateY_effect&quot;:{&quot;unit&quot;:&quot;px&quot;,&quot;size&quot;:-115,&quot;sizes&quot;:[]},&quot;_transform_rotateZ_effect_mobile&quot;:{&quot;unit&quot;:&quot;deg&quot;,&quot;size&quot;:0,&quot;sizes&quot;:[]},&quot;_transform_translateX_effect_mobile&quot;:{&quot;unit&quot;:&quot;px&quot;,&quot;size&quot;:0,&quot;sizes&quot;:[]},&quot;_transform_translateY_effect_mobile&quot;:{&quot;unit&quot;:&quot;px&quot;,&quot;size&quot;:0,&quot;sizes&quot;:[]},&quot;_transform_rotateZ_effect_tablet&quot;:{&quot;unit&quot;:&quot;deg&quot;,&quot;size&quot;:&quot;&quot;,&quot;sizes&quot;:[]},&quot;_transform_translateX_effect_tablet&quot;:{&quot;unit&quot;:&quot;px&quot;,&quot;size&quot;:&quot;&quot;,&quot;sizes&quot;:[]},&quot;_transform_translateY_effect_tablet&quot;:{&quot;unit&quot;:&quot;px&quot;,&quot;size&quot;:&quot;&quot;,&quot;sizes&quot;:[]}}\">\n\t\t\t\t<div class=\"elementor-element elementor-element-d80945c elementor-widget elementor-widget-heading\" data-id=\"d80945c\" data-element_type=\"widget\" data-e-type=\"widget\" data-widget_type=\"heading.default\">\n\t\t\t\t\t<h2 class=\"elementor-heading-title elementor-size-default\">Resultados reales\n<\/h2>\t\t\t\t<\/div>\n\t\t\t\t<\/div>\n\t\t\t\t<\/div>\n\t\t<div class=\"elementor-element elementor-element-829782a e-con-full e-flex magic-button-disabled-no e-con e-child\" data-id=\"829782a\" data-element_type=\"container\" data-e-type=\"container\">\n\t\t<div class=\"elementor-element elementor-element-80654fb e-con-full e-flex magic-button-disabled-no e-con e-child\" data-id=\"80654fb\" data-element_type=\"container\" data-e-type=\"container\">\n\t\t\t\t<div class=\"elementor-element elementor-element-26266a4 elementor-widget elementor-widget-image\" data-id=\"26266a4\" data-element_type=\"widget\" data-e-type=\"widget\" data-widget_type=\"image.default\">\n\t\t\t\t\t\t\t\t\t\t\t\t\t\t\t<img decoding=\"async\" src=\"https:\/\/demo.bosathemes.com\/bosa\/business-coach\/wp-content\/uploads\/sites\/203\/2025\/10\/about-us-img-1.jpg\" title=\"\" alt=\"\" loading=\"lazy\" \/>\t\t\t\t\t\t\t\t\t\t\t\t\t\t\t<\/div>\n\t\t\t\t<\/div>\n\t\t\t\t<\/div>\n\t\t\t\t<\/div>\n\t\t<div class=\"elementor-element elementor-element-3a698d3 e-con-full e-flex magic-button-disabled-no e-con e-child\" data-id=\"3a698d3\" data-element_type=\"container\" data-e-type=\"container\">\n\t\t\t\t<div class=\"elementor-element elementor-element-8202d33 elementor-widget elementor-widget-image\" data-id=\"8202d33\" data-element_type=\"widget\" data-e-type=\"widget\" data-widget_type=\"image.default\">\n\t\t\t\t\t\t\t\t\t\t\t\t\t\t\t<img decoding=\"async\" src=\"https:\/\/demo.bosathemes.com\/bosa\/business-coach\/wp-content\/uploads\/sites\/203\/2025\/10\/about-us-img-2.jpg\" title=\"\" alt=\"\" loading=\"lazy\" \/>\t\t\t\t\t\t\t\t\t\t\t\t\t\t\t<\/div>\n\t\t\t\t<\/div>\n\t\t\t\t<\/div>\n\t\t\t\t<\/div>\n\t\t<div class=\"elementor-element elementor-element-2e8a3f6 e-con-full e-flex magic-button-disabled-no e-con e-child\" data-id=\"2e8a3f6\" data-element_type=\"container\" data-e-type=\"container\">\n\t\t\t\t<div class=\"elementor-element elementor-element-946f7ec elementor-widget elementor-widget-elementskit-heading\" data-id=\"946f7ec\" data-element_type=\"widget\" data-e-type=\"widget\" data-widget_type=\"elementskit-heading.default\">\n\t\t\t\t\t<div class=\"ekit-wid-con\" ><div class=\"ekit-heading elementskit-section-title-wraper text_left   ekit_heading_tablet-text_center   ekit_heading_mobile-\">\t\t\t\t<div class='ekit-heading__description'>\n\t\t\t\t\t<p>Partimos del negocio, no del adorno. Analizamos contexto, propuesta de valor, puntos de fricci\u00f3n y oportunidades de mejora para construir una presencia digital m\u00e1s clara, cre\u00edble y \u00fatil para vender.<\/p>\n\t\t\t\t<\/div>\n\t\t\t<\/div><\/div>\t\t\t\t<\/div>\n\t\t<div class=\"elementor-element elementor-element-99e5dcc e-con-full e-flex magic-button-disabled-no e-con e-child\" data-id=\"99e5dcc\" data-element_type=\"container\" data-e-type=\"container\" data-settings=\"{&quot;background_background&quot;:&quot;classic&quot;}\">\n\t\t<div class=\"elementor-element elementor-element-9a6d358 e-con-full e-flex magic-button-disabled-no e-con e-child\" data-id=\"9a6d358\" data-element_type=\"container\" data-e-type=\"container\">\n\t\t\t\t<div class=\"elementor-element elementor-element-baa1597 elementor-mobile-align-center elementor-icon-list--layout-traditional elementor-list-item-link-full_width elementor-widget elementor-widget-icon-list\" data-id=\"baa1597\" data-element_type=\"widget\" data-e-type=\"widget\" data-widget_type=\"icon-list.default\">\n\t\t\t\t\t\t\t<ul class=\"elementor-icon-list-items\">\n\t\t\t\t\t\t\t<li class=\"elementor-icon-list-item\">\n\t\t\t\t\t\t\t\t\t\t\t<span class=\"elementor-icon-list-icon\">\n\t\t\t\t\t\t\t<svg aria-hidden=\"true\" class=\"e-font-icon-svg e-fas-check\" viewbox=\"0 0 512 512\" xmlns=\"http:\/\/www.w3.org\/2000\/svg\"><path d=\"M173.898 439.404l-166.4-166.4c-9.997-9.997-9.997-26.206 0-36.204l36.203-36.204c9.997-9.998 26.207-9.998 36.204 0L192 312.69 432.095 72.596c9.997-9.997 26.207-9.997 36.204 0l36.203 36.204c9.997 9.997 9.997 26.206 0 36.204l-294.4 294.401c-9.998 9.997-26.207 9.997-36.204-.001z\"><\/path><\/svg>\t\t\t\t\t\t<\/span>\n\t\t\t\t\t\t\t\t\t\t<span class=\"elementor-icon-list-text\">An\u00e1lisis inicial y definici\u00f3n de objetivos medibles<\/span>\n\t\t\t\t\t\t\t\t\t<\/li>\n\t\t\t\t\t\t\t\t<li class=\"elementor-icon-list-item\">\n\t\t\t\t\t\t\t\t\t\t\t<span class=\"elementor-icon-list-icon\">\n\t\t\t\t\t\t\t<svg aria-hidden=\"true\" class=\"e-font-icon-svg e-fas-check\" viewbox=\"0 0 512 512\" xmlns=\"http:\/\/www.w3.org\/2000\/svg\"><path d=\"M173.898 439.404l-166.4-166.4c-9.997-9.997-9.997-26.206 0-36.204l36.203-36.204c9.997-9.998 26.207-9.998 36.204 0L192 312.69 432.095 72.596c9.997-9.997 26.207-9.997 36.204 0l36.203 36.204c9.997 9.997 9.997 26.206 0 36.204l-294.4 294.401c-9.998 9.997-26.207 9.997-36.204-.001z\"><\/path><\/svg>\t\t\t\t\t\t<\/span>\n\t\t\t\t\t\t\t\t\t\t<span class=\"elementor-icon-list-text\">Implementaci\u00f3n de embudos y activos digitales<\/span>\n\t\t\t\t\t\t\t\t\t<\/li>\n\t\t\t\t\t\t\t\t<li class=\"elementor-icon-list-item\">\n\t\t\t\t\t\t\t\t\t\t\t<span class=\"elementor-icon-list-icon\">\n\t\t\t\t\t\t\t<svg aria-hidden=\"true\" class=\"e-font-icon-svg e-fas-check\" viewbox=\"0 0 512 512\" xmlns=\"http:\/\/www.w3.org\/2000\/svg\"><path d=\"M173.898 439.404l-166.4-166.4c-9.997-9.997-9.997-26.206 0-36.204l36.203-36.204c9.997-9.998 26.207-9.998 36.204 0L192 312.69 432.095 72.596c9.997-9.997 26.207-9.997 36.204 0l36.203 36.204c9.997 9.997 9.997 26.206 0 36.204l-294.4 294.401c-9.998 9.997-26.207 9.997-36.204-.001z\"><\/path><\/svg>\t\t\t\t\t\t<\/span>\n\t\t\t\t\t\t\t\t\t\t<span class=\"elementor-icon-list-text\"> Dise\u00f1o de estrategia de adquisici\u00f3n y conversi\u00f3n<\/span>\n\t\t\t\t\t\t\t\t\t<\/li>\n\t\t\t\t\t\t\t\t<li class=\"elementor-icon-list-item\">\n\t\t\t\t\t\t\t\t\t\t\t<span class=\"elementor-icon-list-icon\">\n\t\t\t\t\t\t\t<svg aria-hidden=\"true\" class=\"e-font-icon-svg e-fas-check\" viewbox=\"0 0 512 512\" xmlns=\"http:\/\/www.w3.org\/2000\/svg\"><path d=\"M173.898 439.404l-166.4-166.4c-9.997-9.997-9.997-26.206 0-36.204l36.203-36.204c9.997-9.998 26.207-9.998 36.204 0L192 312.69 432.095 72.596c9.997-9.997 26.207-9.997 36.204 0l36.203 36.204c9.997 9.997 9.997 26.206 0 36.204l-294.4 294.401c-9.998 9.997-26.207 9.997-36.204-.001z\"><\/path><\/svg>\t\t\t\t\t\t<\/span>\n\t\t\t\t\t\t\t\t\t\t<span class=\"elementor-icon-list-text\">Medici\u00f3n continua de m\u00e9tricas clave (CAC, conversiones, ROI)<\/span>\n\t\t\t\t\t\t\t\t\t<\/li>\n\t\t\t\t\t\t\t\t<li class=\"elementor-icon-list-item\">\n\t\t\t\t\t\t\t\t\t\t\t<span class=\"elementor-icon-list-icon\">\n\t\t\t\t\t\t\t<svg aria-hidden=\"true\" class=\"e-font-icon-svg e-fas-check\" viewbox=\"0 0 512 512\" xmlns=\"http:\/\/www.w3.org\/2000\/svg\"><path d=\"M173.898 439.404l-166.4-166.4c-9.997-9.997-9.997-26.206 0-36.204l36.203-36.204c9.997-9.998 26.207-9.998 36.204 0L192 312.69 432.095 72.596c9.997-9.997 26.207-9.997 36.204 0l36.203 36.204c9.997 9.997 9.997 26.206 0 36.204l-294.4 294.401c-9.998 9.997-26.207 9.997-36.204-.001z\"><\/path><\/svg>\t\t\t\t\t\t<\/span>\n\t\t\t\t\t\t\t\t\t\t<span class=\"elementor-icon-list-text\">Optimizaci\u00f3n y escalado basado en rendimiento<\/span>\n\t\t\t\t\t\t\t\t\t<\/li>\n\t\t\t\t\t\t<\/ul>\n\t\t\t\t\t\t<\/div>\n\t\t\t\t<\/div>\n\t\t<div class=\"elementor-element elementor-element-5c9198f e-con-full e-flex magic-button-disabled-no e-con e-child\" data-id=\"5c9198f\" data-element_type=\"container\" data-e-type=\"container\" data-settings=\"{&quot;background_background&quot;:&quot;classic&quot;}\">\n\t\t\t\t<div class=\"elementor-element elementor-element-57f1b56 elementor-view-default elementor-widget elementor-widget-icon\" data-id=\"57f1b56\" data-element_type=\"widget\" data-e-type=\"widget\" data-widget_type=\"icon.default\">\n\t\t\t\t\t\t\t<div class=\"elementor-icon-wrapper\">\n\t\t\t<div class=\"elementor-icon\">\n\t\t\t<i aria-hidden=\"true\" class=\"icon icon-light-bulb-1\"><\/i>\t\t\t<\/div>\n\t\t<\/div>\n\t\t\t\t\t\t<\/div>\n\t\t\t\t<div class=\"elementor-element elementor-element-49ff328 elementor-widget elementor-widget-elementskit-heading\" data-id=\"49ff328\" data-element_type=\"widget\" data-e-type=\"widget\" data-widget_type=\"elementskit-heading.default\">\n\t\t\t\t\t<div class=\"ekit-wid-con\" ><div class=\"ekit-heading elementskit-section-title-wraper text_center   ekit_heading_tablet-   ekit_heading_mobile-\"><h2 class=\"ekit-heading--title elementskit-section-title\">Optimizaci\u00f3n con direcci\u00f3n<\/h2><\/div><\/div>\t\t\t\t<\/div>\n\t\t\t\t<\/div>\n\t\t\t\t<\/div>\n\t\t\t\t<div class=\"elementor-element elementor-element-ac4dc23 elementor-widget elementor-widget-elementskit-heading\" data-id=\"ac4dc23\" data-element_type=\"widget\" data-e-type=\"widget\" data-widget_type=\"elementskit-heading.default\">\n\t\t\t\t\t<div class=\"ekit-wid-con\" ><div class=\"ekit-heading elementskit-section-title-wraper text_left   ekit_heading_tablet-text_center   ekit_heading_mobile-\">\t\t\t\t<div class='ekit-heading__description'>\n\t\t\t\t\t<p>Nuestro enfoque une an\u00e1lisis, criterio visual y ejecuci\u00f3n pr\u00e1ctica. No se trata solo de dise\u00f1ar una web bonita, sino de crear piezas digitales que transmitan confianza, ordenen mejor la oferta y ayuden a convertir inter\u00e9s en oportunidades.<\/p>\n\t\t\t\t<\/div>\n\t\t\t<\/div><\/div>\t\t\t\t<\/div>\n\t\t\t\t<div class=\"elementor-element elementor-element-e2b1f78 elementor-widget elementor-widget-elementskit-heading\" data-id=\"e2b1f78\" data-element_type=\"widget\" data-e-type=\"widget\" data-widget_type=\"elementskit-heading.default\">\n\t\t\t\t\t<div class=\"ekit-wid-con\" ><div class=\"ekit-heading elementskit-section-title-wraper text_left   ekit_heading_tablet-text_center   ekit_heading_mobile-text_center\"><h2 class=\"ekit-heading--title elementskit-section-title\">FAQ<\/h2><\/div><\/div>\t\t\t\t<\/div>\n\t\t\t\t<div class=\"elementor-element elementor-element-5aa2a01 elementor-widget elementor-widget-elementskit-accordion\" data-id=\"5aa2a01\" data-element_type=\"widget\" data-e-type=\"widget\" data-widget_type=\"elementskit-accordion.default\">\n\t\t\t\t\t<div class=\"ekit-wid-con\" >\n        <div class=\"elementskit-accordion accoedion-primary\" id=\"accordion-69e0ba12b049a\">\n\n            \n                <div class=\"elementskit-card active\">\n                    <div class=\"elementskit-card-header\" id=\"primaryHeading-0-5aa2a01\">\n                        <a href=\"#collapse-e785a9669e0ba12b049a\" class=\"ekit-accordion--toggler elementskit-btn-link collapsed\" data-ekit-toggle=\"collapse\" data-target=\"#Collapse-e785a9669e0ba12b049a\" aria-expanded=\"true\" aria-controls=\"Collapse-e785a9669e0ba12b049a\">\n                            \n                            <span class=\"ekit-accordion-title\">\u00bfCu\u00e1nto tiempo toma ver resultados?<\/span>\n\n                            \n                                <div class=\"ekit_accordion_icon_group\">\n                                    <div class=\"ekit_accordion_normal_icon\">\n                                        <!-- Normal Icon -->\n\t\t\t\t\t\t\t\t\t\t<i class=\"icon icon-plus\"><\/i>                                    <\/div>\n\n                                    <div class=\"ekit_accordion_active_icon\">\n                                        <!-- Active Icon -->\n\t\t\t\t\t\t\t\t\t\t<i class=\"icon icon-minus\"><\/i>                                    <\/div>\n                                <\/div>\n\n                            \n                                                    <\/a>\n                    <\/div>\n\n                    <div id=\"Collapse-e785a9669e0ba12b049a\" class=\"show collapse\" aria-labelledby=\"primaryHeading-0-5aa2a01\" data-parent=\"#accordion-69e0ba12b049a\">\n\n                        <div class=\"elementskit-card-body ekit-accordion--content\">\n                            <p>Las primeras se\u00f1ales de rendimiento a menudo se manifiestan<strong> en 30 a 45 d\u00edas<\/strong>, despues de que los sistemas de medici\u00f3n, recolecci\u00f3n y conversi\u00f3n esten bien implantados.<\/p><p><strong>Resultados m\u00e1s consistentes y escalables habitualmente se concretan entre 60 y 90 d\u00edas,<\/strong> seg\u00fan el negocio, el mercado y la cantidad de inversi\u00f3n.<\/p><p>Nuestro m\u00e9todo da prioridad a la optimizaci\u00f3n paulatina y fundamentada, no a ganancias ef\u00edmeras en el corto plazo.<\/p>                        <\/div>\n\n                    <\/div>\n\n                <\/div><!-- .elementskit-card END -->\n\n                \n                <div class=\"elementskit-card\">\n                    <div class=\"elementskit-card-header\" id=\"primaryHeading-1-5aa2a01\">\n                        <a href=\"#collapse-6b8008d69e0ba12b049a\" class=\"ekit-accordion--toggler elementskit-btn-link collapsed\" data-ekit-toggle=\"collapse\" data-target=\"#Collapse-6b8008d69e0ba12b049a\" aria-expanded=\"false\" aria-controls=\"Collapse-6b8008d69e0ba12b049a\">\n                            \n                            <span class=\"ekit-accordion-title\">\u00bfC\u00f3mo se reporta el progreso?<\/span>\n\n                            \n                                <div class=\"ekit_accordion_icon_group\">\n                                    <div class=\"ekit_accordion_normal_icon\">\n                                        <!-- Normal Icon -->\n\t\t\t\t\t\t\t\t\t\t<i class=\"icon icon-plus\"><\/i>                                    <\/div>\n\n                                    <div class=\"ekit_accordion_active_icon\">\n                                        <!-- Active Icon -->\n\t\t\t\t\t\t\t\t\t\t<i class=\"icon icon-minus\"><\/i>                                    <\/div>\n                                <\/div>\n\n                            \n                                                    <\/a>\n                    <\/div>\n\n                    <div id=\"Collapse-6b8008d69e0ba12b049a\" class=\"collapse\" aria-labelledby=\"primaryHeading-1-5aa2a01\" data-parent=\"#accordion-69e0ba12b049a\">\n\n                        <div class=\"elementskit-card-body ekit-accordion--content\">\n                            <p>El progreso se reporta mediante <strong>m\u00e9tricas claras y accionables<\/strong>, enfocadas en rendimiento real.<\/p><p>Analizamos indicadores como adquisici\u00f3n de clientes, conversiones, costo por resultado y retorno de inversi\u00f3n, presentados en reportes peri\u00f3dicos simples y comprensibles para la toma de decisiones.<\/p><p>Cada reporte incluye an\u00e1lisis, aprendizajes y pr\u00f3ximos pasos, asegurando transparencia total sobre qu\u00e9 est\u00e1 funcionando y qu\u00e9 se est\u00e1 optimizando.<\/p>                        <\/div>\n\n                    <\/div>\n\n                <\/div><!-- .elementskit-card END -->\n\n                \n                <div class=\"elementskit-card\">\n                    <div class=\"elementskit-card-header\" id=\"primaryHeading-2-5aa2a01\">\n                        <a href=\"#collapse-4bdaf3869e0ba12b049a\" class=\"ekit-accordion--toggler elementskit-btn-link collapsed\" data-ekit-toggle=\"collapse\" data-target=\"#Collapse-4bdaf3869e0ba12b049a\" aria-expanded=\"false\" aria-controls=\"Collapse-4bdaf3869e0ba12b049a\">\n                            \n                            <span class=\"ekit-accordion-title\">\u00bfQu\u00e9 necesito como cliente para empezar?<\/span>\n\n                            \n                                <div class=\"ekit_accordion_icon_group\">\n                                    <div class=\"ekit_accordion_normal_icon\">\n                                        <!-- Normal Icon -->\n\t\t\t\t\t\t\t\t\t\t<i class=\"icon icon-plus\"><\/i>                                    <\/div>\n\n                                    <div class=\"ekit_accordion_active_icon\">\n                                        <!-- Active Icon -->\n\t\t\t\t\t\t\t\t\t\t<i class=\"icon icon-minus\"><\/i>                                    <\/div>\n                                <\/div>\n\n                            \n                                                    <\/a>\n                    <\/div>\n\n                    <div id=\"Collapse-4bdaf3869e0ba12b049a\" class=\"collapse\" aria-labelledby=\"primaryHeading-2-5aa2a01\" data-parent=\"#accordion-69e0ba12b049a\">\n\n                        <div class=\"elementskit-card-body ekit-accordion--content\">\n                            <p>Para iniciar correctamente necesitamos que el negocio ya est\u00e9 operativo, contar con informaci\u00f3n b\u00e1sica sobre el producto o servicio, objetivos claros y disposici\u00f3n para trabajar con datos y procesos.<\/p><p>El crecimiento sostenible requiere colaboraci\u00f3n, comunicaci\u00f3n y apertura a ajustes estrat\u00e9gicos basados en resultados reales.<\/p><p>No trabajamos con proyectos que buscan \u00fanicamente exposici\u00f3n o m\u00e9tricas de vanidad.<\/p>                        <\/div>\n\n                    <\/div>\n\n                <\/div><!-- .elementskit-card END -->\n\n                                        <\/div>\n    <\/div>\t\t\t\t<\/div>\n\t\t\t\t<\/div>\n\t\t\t\t<\/div>\n\t\t\t\t\t<\/div>\n\t\t\t\t<\/div>\n\t\t\t\t<\/div>","protected":false},"excerpt":{"rendered":"<p>Conoce el enfoque, la metodolog\u00eda y la visi\u00f3n de Xinoria Project para ayudar a marcas a crecer con claridad digital.<\/p>","protected":false},"author":1,"featured_media":0,"parent":0,"menu_order":0,"comment_status":"closed","ping_status":"closed","template":"elementor_header_footer","meta":{"footnotes":""},"class_list":["post-62","page","type-page","status-publish","hentry"],"aioseo_notices":[],"_links":{"self":[{"href":"https:\/\/xinoriaproject.com\/en\/wp-json\/wp\/v2\/pages\/62","targetHints":{"allow":["GET"]}}],"collection":[{"href":"https:\/\/xinoriaproject.com\/en\/wp-json\/wp\/v2\/pages"}],"about":[{"href":"https:\/\/xinoriaproject.com\/en\/wp-json\/wp\/v2\/types\/page"}],"author":[{"embeddable":true,"href":"https:\/\/xinoriaproject.com\/en\/wp-json\/wp\/v2\/users\/1"}],"replies":[{"embeddable":true,"href":"https:\/\/xinoriaproject.com\/en\/wp-json\/wp\/v2\/comments?post=62"}],"version-history":[{"count":64,"href":"https:\/\/xinoriaproject.com\/en\/wp-json\/wp\/v2\/pages\/62\/revisions"}],"predecessor-version":[{"id":633,"href":"https:\/\/xinoriaproject.com\/en\/wp-json\/wp\/v2\/pages\/62\/revisions\/633"}],"wp:attachment":[{"href":"https:\/\/xinoriaproject.com\/en\/wp-json\/wp\/v2\/media?parent=62"}],"curies":[{"name":"wp","href":"https:\/\/api.w.org\/{rel}","templated":true}]}}