{"id":473,"date":"2026-03-26T12:30:24","date_gmt":"2026-03-26T16:30:24","guid":{"rendered":"https:\/\/xinoriaproject.com\/terms-conditions\/"},"modified":"2026-03-26T12:30:24","modified_gmt":"2026-03-26T16:30:24","slug":"terms-conditions","status":"publish","type":"page","link":"https:\/\/xinoriaproject.com\/en\/terms-conditions\/","title":{"rendered":"Terms &#038; Conditions"},"content":{"rendered":"<h1 class=\"wp-block-heading\">Terms &amp; Conditions<\/h1><p>Estos t\u00e9rminos y condiciones regulan el uso del sitio web Xinoria Project y la interacci\u00f3n con nuestros servicios digitales. Si necesitas informaci\u00f3n adicional, puedes escribirnos a info@xinoriaproject.com.<\/p><p>Al utilizar este sitio aceptas que la informaci\u00f3n suministrada tiene fines informativos y comerciales, y que cualquier propuesta o servicio ser\u00e1 formalizado por canales directos con nuestro equipo.<\/p>","protected":false},"excerpt":{"rendered":"<p>T\u00e9rminos y condiciones Estos t\u00e9rminos y condiciones regulan el uso del sitio web Xinoria Project y la interacci\u00f3n con nuestros servicios digitales. Si necesitas informaci\u00f3n adicional, puedes escribirnos a info@xinoriaproject.com. Al utilizar este sitio aceptas que la informaci\u00f3n suministrada tiene fines informativos y comerciales, y que cualquier propuesta o servicio ser\u00e1 formalizado por canales directos con nuestro equipo.<\/p>","protected":false},"author":2,"featured_media":0,"parent":0,"menu_order":0,"comment_status":"closed","ping_status":"closed","template":"","meta":{"footnotes":""},"class_list":["post-473","page","type-page","status-publish","hentry"],"aioseo_notices":[],"_links":{"self":[{"href":"https:\/\/xinoriaproject.com\/en\/wp-json\/wp\/v2\/pages\/473","targetHints":{"allow":["GET"]}}],"collection":[{"href":"https:\/\/xinoriaproject.com\/en\/wp-json\/wp\/v2\/pages"}],"about":[{"href":"https:\/\/xinoriaproject.com\/en\/wp-json\/wp\/v2\/types\/page"}],"author":[{"embeddable":true,"href":"https:\/\/xinoriaproject.com\/en\/wp-json\/wp\/v2\/users\/2"}],"replies":[{"embeddable":true,"href":"https:\/\/xinoriaproject.com\/en\/wp-json\/wp\/v2\/comments?post=473"}],"version-history":[{"count":0,"href":"https:\/\/xinoriaproject.com\/en\/wp-json\/wp\/v2\/pages\/473\/revisions"}],"wp:attachment":[{"href":"https:\/\/xinoriaproject.com\/en\/wp-json\/wp\/v2\/media?parent=473"}],"curies":[{"name":"wp","href":"https:\/\/api.w.org\/{rel}","templated":true}]}}